{"id":27,"date":"2025-02-04T18:19:26","date_gmt":"2025-02-04T23:19:26","guid":{"rendered":"https:\/\/www.tumimining.com\/?page_id=27"},"modified":"2026-02-01T02:59:43","modified_gmt":"2026-02-01T07:59:43","slug":"servicios","status":"publish","type":"page","link":"https:\/\/www.tumimining.com\/?page_id=27","title":{"rendered":"Servicios"},"content":{"rendered":"\n<figure class=\"wp-block-gallery has-nested-images columns-default is-cropped wp-block-gallery-1 is-layout-flex wp-block-gallery-is-layout-flex\">\n<figure class=\"wp-block-image size-large has-custom-border is-style-default\"><img loading=\"lazy\" decoding=\"async\" width=\"971\" height=\"664\" data-id=\"117\" src=\"https:\/\/www.tumimining.com\/wp-content\/uploads\/2026\/02\/Servicios_Uy-2.jpg\" alt=\"\" class=\"wp-image-117\" style=\"border-width:1px\" srcset=\"https:\/\/www.tumimining.com\/wp-content\/uploads\/2026\/02\/Servicios_Uy-2.jpg 971w, https:\/\/www.tumimining.com\/wp-content\/uploads\/2026\/02\/Servicios_Uy-2-300x205.jpg 300w, https:\/\/www.tumimining.com\/wp-content\/uploads\/2026\/02\/Servicios_Uy-2-768x525.jpg 768w\" sizes=\"auto, (max-width: 971px) 100vw, 971px\" \/><\/figure>\n\n\n\n<figure class=\"wp-block-image size-full has-custom-border\"><img loading=\"lazy\" decoding=\"async\" width=\"1006\" height=\"624\" data-id=\"116\" src=\"https:\/\/www.tumimining.com\/wp-content\/uploads\/2026\/02\/Plan-de-Minado-UG-1.jpg\" alt=\"\" class=\"wp-image-116\" style=\"border-width:1px\" srcset=\"https:\/\/www.tumimining.com\/wp-content\/uploads\/2026\/02\/Plan-de-Minado-UG-1.jpg 1006w, https:\/\/www.tumimining.com\/wp-content\/uploads\/2026\/02\/Plan-de-Minado-UG-1-300x186.jpg 300w, https:\/\/www.tumimining.com\/wp-content\/uploads\/2026\/02\/Plan-de-Minado-UG-1-768x476.jpg 768w\" sizes=\"auto, (max-width: 1006px) 100vw, 1006px\" \/><\/figure>\n<\/figure>\n\n\n\n<p class=\"has-text-align-left has-large-font-size wp-block-paragraph\" style=\"padding-top:0;padding-right:0;padding-bottom:0;padding-left:0\">En Tumi Mining brindamos soluciones integrales para el sector minero, enfocadas en eficiencia operativa, seguridad y sostenibilidad. Nuestro equipo t\u00e9cnico acompa\u00f1a cada etapa del proyecto con experiencia y compromiso.<\/p>\n\n\n\n<div class=\"wp-block-columns is-layout-flex wp-container-core-columns-is-layout-28f84493 wp-block-columns-is-layout-flex\">\n<div class=\"wp-block-column is-layout-flow wp-block-column-is-layout-flow\"><\/div>\n<\/div>\n\n\n\n<p class=\"has-large-font-size wp-block-paragraph\"><strong>Geolog\u00eda y Reservas<\/strong><\/p>\n\n\n\n<p class=\"has-large-font-size wp-block-paragraph\"><\/p>\n\n\n\n<p class=\"has-large-font-size wp-block-paragraph\"><strong>Dise\u00f1o de Mina OP \/ UG<\/strong><\/p>\n\n\n\n<p class=\"has-large-font-size wp-block-paragraph\"><\/p>\n\n\n\n<p class=\"has-large-font-size wp-block-paragraph\"><strong>Planeamiento Mina<\/strong><\/p>\n\n\n\n<p class=\"has-large-font-size wp-block-paragraph\"><\/p>\n\n\n\n<p class=\"has-large-font-size wp-block-paragraph\"><strong>Geomec\u00e1nica<\/strong><\/p>\n\n\n\n<p class=\"has-large-font-size wp-block-paragraph\"><\/p>\n\n\n\n<p class=\"has-large-font-size wp-block-paragraph\"><strong>Evaluaci\u00f3n de Proyectos Mineros<\/strong><\/p>\n\n\n\n<p class=\"has-large-font-size wp-block-paragraph\"><\/p>\n","protected":false},"excerpt":{"rendered":"<p>En Tumi Mining brindamos soluciones integrales para el sector minero, enfocadas en eficiencia operativa, seguridad y sostenibilidad. Nuestro equipo t\u00e9cnico acompa\u00f1a cada etapa del proyecto con experiencia y compromiso. Geolog\u00eda y Reservas Dise\u00f1o de Mina OP \/ UG Planeamiento Mina Geomec\u00e1nica Evaluaci\u00f3n de Proyectos Mineros<\/p>\n","protected":false},"author":1,"featured_media":0,"parent":0,"menu_order":0,"comment_status":"closed","ping_status":"closed","template":"","meta":{"_crdt_document":"","footnotes":""},"class_list":["post-27","page","type-page","status-publish","hentry"],"blocksy_meta":[],"_links":{"self":[{"href":"https:\/\/www.tumimining.com\/index.php?rest_route=\/wp\/v2\/pages\/27","targetHints":{"allow":["GET"]}}],"collection":[{"href":"https:\/\/www.tumimining.com\/index.php?rest_route=\/wp\/v2\/pages"}],"about":[{"href":"https:\/\/www.tumimining.com\/index.php?rest_route=\/wp\/v2\/types\/page"}],"author":[{"embeddable":true,"href":"https:\/\/www.tumimining.com\/index.php?rest_route=\/wp\/v2\/users\/1"}],"replies":[{"embeddable":true,"href":"https:\/\/www.tumimining.com\/index.php?rest_route=%2Fwp%2Fv2%2Fcomments&post=27"}],"version-history":[{"count":12,"href":"https:\/\/www.tumimining.com\/index.php?rest_route=\/wp\/v2\/pages\/27\/revisions"}],"predecessor-version":[{"id":124,"href":"https:\/\/www.tumimining.com\/index.php?rest_route=\/wp\/v2\/pages\/27\/revisions\/124"}],"wp:attachment":[{"href":"https:\/\/www.tumimining.com\/index.php?rest_route=%2Fwp%2Fv2%2Fmedia&parent=27"}],"curies":[{"name":"wp","href":"https:\/\/api.w.org\/{rel}","templated":true}]}}